{"id":9039,"date":"2022-01-24T08:00:00","date_gmt":"2022-01-24T07:00:00","guid":{"rendered":"https:\/\/www.westerlyclub.nl\/WORDPRESS\/?page_id=9039"},"modified":"2025-12-26T19:51:08","modified_gmt":"2025-12-26T18:51:08","slug":"ontstaan-getijdenwater","status":"publish","type":"page","link":"https:\/\/www.westerlyclub.nl\/WORDPRESS\/ontstaan-getijdenwater\/","title":{"rendered":"Ontstaan getijdenwater"},"content":{"rendered":"\n<p class=\"has-black-color has-vivid-green-cyan-background-color has-text-color has-background\"><strong>Ontstaan getijdenwater<\/strong><\/p>\n\n\n\n<p><em><strong>Herken je \u00e9\u00e9n van de volgende vragen?<\/strong><\/em><\/p>\n\n\n\n<p class=\"has-text-align-center\"><em>Hoe zit dat met het getij?<\/em><\/p>\n\n\n\n<p class=\"has-text-align-center\"><em>Wanneer of waar kan ik (niet) varen? <\/em><\/p>\n\n\n\n<p class=\"has-text-align-center\"><em>Waar moet ik rekening mee houden?<\/em><\/p>\n\n\n\n<p class=\"has-text-align-center\"><em>Is het in eenvoudige regels te onthouden?<\/em><\/p>\n\n\n\n<p>Heb je nog nooit op stromend water gevaren? Of drooggevallen? Dan geeft de WCN je een set vuistregels die je verder helpen. <\/p>\n\n\n\n<p>Wil je die in de praktijk brengen? Ga dan mee met een zoutwater evenement van de Westerlyclub en laat je alles uitleggen zodat je zelf het gevoel krijgt dat je veilig en verstandig bezig bent. Bovendien is het ook gezellig om met meer schepen op pad te gaan. <\/p>\n\n\n\n<p><strong>Onderwerpen op deze open pagina<\/strong><\/p>\n\n\n\n<p><a href=\"#ongelijkheid\">\u25ba Twee waterbergen en twee waterdalen per dag, die niet even hoog zijn<\/a><\/p>\n\n\n\n<p><a href=\"#opschuiven\">\u25ba Hoogwater en laagwater schuiven elke dag een beetje op<\/a><\/p>\n\n\n\n<p><a href=\"#springdood\">\u25ba Springtij en doodtij<\/a><\/p>\n\n\n\n<p><a href=\"#astro\">\u25ba Astronomisch getij<\/a><\/p>\n\n\n\n<p><a href=\"#Noordzee\">\u25ba Getij in de Noordzee<\/a><\/p>\n\n\n\n<figure class=\"wp-block-table\"><table><tbody><tr><td><a href=\"https:\/\/www.westerlyclub.nl\/WORDPRESS\/evenementen\">\u25ba Evenementen van de Westerlyclub<\/a><\/td><\/tr><\/tbody><\/table><\/figure>\n\n\n\n<hr class=\"wp-block-separator has-text-color has-vivid-green-cyan-color has-alpha-channel-opacity has-vivid-green-cyan-background-color has-background\"\/>\n\n\n\n<p class=\"has-black-color has-vivid-green-cyan-background-color has-text-color has-background\" id=\"ongelijkheid\"><strong>Twee waterbergen en twee waterdalen per dag, die niet even hoog zijn<\/strong><\/p>\n\n\n\n<p><em>Dagelijkse ongelijkheid:<\/em> Getijdenwater ontstaat door de aantrekkingskracht van de maan op de aarde. De maan trekt het &#8216;losse water&#8217; naar zich toe. Er ontstaat een verhoging van water aan de kant van de maan; een waterberg. Om de aarde in balans te houden ontstaat automatisch ook een verhoging van water aan de andere kant van de aarde. Dus de kant die van de maan af staat. Tussen beide waterbergen in is het water lager dan gemiddeld. De waterberg aan de maankant is iets hoger (een hoog Hoogwater) dan de waterberg aan de andere kant van de aarde (een laag Hoogwater). Dit heet de dagelijkse ongelijkheid. Zie afbeelding.<\/p>\n\n\n<div class=\"wp-block-image\">\n<figure class=\"aligncenter size-full is-resized\"><img decoding=\"async\" loading=\"lazy\" src=\"https:\/\/www.westerlyclub.nl\/WORDPRESS\/wp-content\/uploads\/2022\/01\/Dubbeldaagd-getij.gif\" alt=\"\" class=\"wp-image-9058\" width=\"429\" height=\"352\"\/><figcaption class=\"wp-element-caption\">Dagelijkse ongelijkheid; 2x HW en 2x LW in een dag met ongelijke waterhoogten<\/figcaption><\/figure><\/div>\n\n\n<p><em>Samenvatting<\/em>:  <em>In een dag is het 2x hoogwater en 2x laagwater. Het ene hoogwater is iets hoger dan het andere hoogwater; de dagelijkse ongelijkheid.<\/em><\/p>\n\n\n\n<figure class=\"wp-block-table\"><table><tbody><tr><td><strong><mark style=\"background-color:rgba(0, 0, 0, 0)\" class=\"has-inline-color has-luminous-vivid-amber-color\">Vuistregel<\/mark><\/strong><\/td><td><mark style=\"background-color:rgba(0, 0, 0, 0)\" class=\"has-inline-color has-luminous-vivid-amber-color\">Als het vandaag om 10:00 uur een hoog hoogwater is, dan moet ik niet droogvallen op het hoogste punt. Anders komt ik bij volgende (lage) hoogwater vanavond niet los en moet ik wachten tot morgenvroeg.<\/mark><\/td><\/tr><\/tbody><\/table><\/figure>\n\n\n\n<hr class=\"wp-block-separator has-text-color has-vivid-green-cyan-color has-alpha-channel-opacity has-vivid-green-cyan-background-color has-background\"\/>\n\n\n\n<p class=\"has-black-color has-vivid-green-cyan-background-color has-text-color has-background\" id=\"opschuiven\"><strong>Hoogwater en laagwater schuiven elke dag een beetje op<\/strong><\/p>\n\n\n\n<p><em>De maan schuift op:<\/em> De aarde draait in 24 uur om haar eigen as. Elke plek op aarde komt dus langs die 2 waterbergen en 2 waterdalen. Om en om; berg &#8211; dal &#8211; berg &#8211; dal. Ondertussen draait de maan ook om de aarde. In die 24 uur is de maan dus een beetje verder geschoven. De maan schuift op in dezelfde richting waarin de aarde om haar eigen as draait. De tijd voor die 2 waterbergen en 2 waterdalen is dus iets meer dan 24 uur. <\/p>\n\n\n\n<p><em>Hoeveel dan?<\/em> De omlooptijd van de maan om de aarde is 28 dagen. In 1 dag schuift de maan dus 1\/28 deel van de baan van de maan rond de aarde op. De maan is dus 1\/28 van 24 uur verder gedraaid. Dit zijn gemiddeld 24\/28 uur = 0,9 uur = 0,86 x 60 min = 51,5 min. Gemiddeld dus 51,5 \/ 2 = 26 minuten extra tijd tussen twee hoogwaters. Neem voor het gemak een half uur.<\/p>\n\n\n\n<p><em>Voorbeeld<\/em>: Op meetpunt <em>Terschelling Noordzee<\/em> is het hoogwater op 1 januari om 6:47, op 2 januari om 7:50, op 3 januari om 8:48, op 4 januari om 9:42 uur. Dit is elke dag ongeveer een uur later. De tussenliggende hoogwaters zijn ongeveer een half uur verschoven.<\/p>\n\n\n<div class=\"wp-block-image\">\n<figure class=\"aligncenter size-full is-resized\"><img decoding=\"async\" loading=\"lazy\" src=\"https:\/\/www.westerlyclub.nl\/WORDPRESS\/wp-content\/uploads\/2022\/01\/Terschelling-getijtabel.png\" alt=\"\" class=\"wp-image-9074\" width=\"758\" height=\"472\" srcset=\"https:\/\/www.westerlyclub.nl\/WORDPRESS\/wp-content\/uploads\/2022\/01\/Terschelling-getijtabel.png 622w, https:\/\/www.westerlyclub.nl\/WORDPRESS\/wp-content\/uploads\/2022\/01\/Terschelling-getijtabel-300x187.png 300w\" sizes=\"(max-width: 758px) 100vw, 758px\" \/><figcaption class=\"wp-element-caption\">RWS, deel van getijvoorspelling van Terschelling Noordzee in januari 2022<\/figcaption><\/figure><\/div>\n\n\n<p><em>Samenvatting<\/em>: <em>Het volgende hoogwater is gemiddeld over 12,5 uur.<\/em><\/p>\n\n\n\n<figure class=\"wp-block-table\"><table><tbody><tr><td> <mark style=\"background-color:rgba(0, 0, 0, 0)\" class=\"has-inline-color has-luminous-vivid-amber-color\"><strong>Vuistregel<\/strong> <\/mark><\/td><td><mark style=\"background-color:rgba(0, 0, 0, 0)\" class=\"has-inline-color has-luminous-vivid-amber-color\">Handig in dagelijks gebruik: Het volgende hoogwater is ongeveer 12,5 uur later. Als het vandaag hoog water is om 10:00 uur. Dan is het volgende hoogwater om 22:30. En morgenvroeg om 11:00. Voor je vaar- of droogvalplanning is dat nauwkeurig genoeg.<\/mark><\/td><\/tr><\/tbody><\/table><\/figure>\n\n\n\n<hr class=\"wp-block-separator has-text-color has-vivid-green-cyan-color has-alpha-channel-opacity has-vivid-green-cyan-background-color has-background\"\/>\n\n\n\n<p class=\"has-black-color has-vivid-green-cyan-background-color has-text-color has-background\" id=\"springdood\"><strong>Springtij en doodtij<\/strong><\/p>\n\n\n\n<p><em>Springtij<\/em>: Door het draaien van de maan om de aarde, staat de maan 2 x in de maand in lijn met de zon. Tijdens Nieuwe Maan staan de zon en maan samen aan dezelfde kant van de aarde. Op de hele aarde kijken we dan (allemaal) naar de niet-door-de-zon-verlichte donkere kant van de maan. Tijdens Volle Maan staan ze elk aan een kant. Op de hele aarde kijken we dan (allemaal) naar de verlichte kant van de maan. De zon zit dan onder onze voeten aan de andere kant van de aarde (waar het dag is) en verlicht precies dat deel van de maan waar wij naar kijken; Volle Maan. In beide gevallen wordt de waterberg extra hoog en het waterdal extra laag. Het verschil tussen hoog en laag water is dan extra groot. Dit is springtij. Met hoogwater springtij kun je varen op plaatsen waar dat anders niet kan. De dagen erna kan dat niet meer en moet je wachten tot het volgende springtij.<\/p>\n\n\n\n<p><em>Doodtij<\/em>: Halverwege de maand staat de zon haaks op de lijn maan-aarde. De waterberg wordt dan gedempt en is dan minder hoog. En ook het waterdal is minder laag. Het verschil tussen hoog en laag water is dan kleiner dan gemiddeld. Dit heet doodtij. <\/p>\n\n\n\n<p><em>Voorbeeld<\/em>: In de getijde grafiek van Terschelling Noordzee zien we de optelsom van 2 golfbewegingen: elke dag 2x op en neer \u00e8n in 2 weken extra hoog en extra laag.<\/p>\n\n\n<div class=\"wp-block-image\">\n<figure class=\"aligncenter size-full is-resized\"><img decoding=\"async\" loading=\"lazy\" src=\"https:\/\/www.westerlyclub.nl\/WORDPRESS\/wp-content\/uploads\/2022\/01\/Waterhoogte-Terschelling.png\" alt=\"\" class=\"wp-image-9069\" width=\"708\" height=\"578\" srcset=\"https:\/\/www.westerlyclub.nl\/WORDPRESS\/wp-content\/uploads\/2022\/01\/Waterhoogte-Terschelling.png 602w, https:\/\/www.westerlyclub.nl\/WORDPRESS\/wp-content\/uploads\/2022\/01\/Waterhoogte-Terschelling-300x245.png 300w\" sizes=\"(max-width: 708px) 100vw, 708px\" \/><figcaption class=\"wp-element-caption\">RWS\/getij. 1 tot 23 jan 2022 getij Terschelling Noordzee. NM 2 jan 19:34, VM 18 jan 00:48 uur<\/figcaption><\/figure><\/div>\n\n\n<p><em>Samenvatting<\/em>:<em> Twee keer per maand is het springtij en doodtij. Met springtij&nbsp; is het hoog water extra hoog en het laagwater extra laag. Een week later is het doodtij. Het waterhoogteverschil <em>tussen hoog- en laagwater<\/em><\/em> <em>is dan minder extreem.<\/em><\/p>\n\n\n\n<figure class=\"wp-block-table\"><table><tbody><tr><td> <mark style=\"background-color:rgba(0, 0, 0, 0)\" class=\"has-inline-color has-luminous-vivid-amber-color\"><strong>Vuistregel<\/strong> <\/mark><\/td><td><mark style=\"background-color:rgba(0, 0, 0, 0)\" class=\"has-inline-color has-luminous-vivid-amber-color\">Je moet van het volgende hoog- en laagwater niet alleen het tijdstip weten, maar ook de waterhoogte. Het tijdstip bepaalt wanneer je over het wantij kunt varen, de waterhoogte bepaalt \u00f2f je over het wantij kunt varen.<\/mark><\/td><\/tr><\/tbody><\/table><\/figure>\n\n\n\n<hr class=\"wp-block-separator has-text-color has-vivid-green-cyan-color has-alpha-channel-opacity has-vivid-green-cyan-background-color has-background\"\/>\n\n\n\n<p class=\"has-black-color has-vivid-green-cyan-background-color has-text-color has-background\" id=\"astro\"><strong>Astronomisch getij<\/strong><\/p>\n\n\n\n<p><em>Astronomisch getij<\/em>: Tot nu toe zijn we er van uit gegaan dat de aarde helemaal bedekt is met water. En dat dat water helemaal vrij kan bewegen. Dat klopt vrij goed voor de grootste hoeveelheid water op aarde; het Zuidelijk halfrond. Door de (vorm van de) continenten heeft het water tijd nodig om naar het Noordelijk halfrond en de kleinere binnenzee\u00ebn (Noordzee en Waddenzee) in en uit te stromen en daar de waterbergen en dalen te maken. Getijvoorspellingen die berekend zijn op basis van de standen van de zon en maan en de plaats op aarde, noemen we het astronomisch getij. <\/p>\n\n\n\n<p><em>Afbeelding<\/em>: voortplanting van het getij over de aarde, gehinderd door de landmassa&#8217;s en vormen. Witte lijnen zijn verbonden punten van gelijk tij. De kleuren geven de amplitude aan van klein (blauw) naar groot (rood). De kruispunten van witte lijnen zijn Amfidromische punten; hier verandert de waterhoogte niet doordat verschillende golffronten in tegenfase zijn (er kan wel stroming zijn).<\/p>\n\n\n<div class=\"wp-block-image\">\n<figure class=\"aligncenter size-full is-resized\"><img decoding=\"async\" loading=\"lazy\" src=\"https:\/\/www.westerlyclub.nl\/WORDPRESS\/wp-content\/uploads\/2022\/01\/Getij-verplaatsing-rond-de-aarde.jpg\" alt=\"\" class=\"wp-image-9084\" width=\"962\" height=\"619\" srcset=\"https:\/\/www.westerlyclub.nl\/WORDPRESS\/wp-content\/uploads\/2022\/01\/Getij-verplaatsing-rond-de-aarde.jpg 730w, https:\/\/www.westerlyclub.nl\/WORDPRESS\/wp-content\/uploads\/2022\/01\/Getij-verplaatsing-rond-de-aarde-300x193.jpg 300w\" sizes=\"(max-width: 962px) 100vw, 962px\" \/><figcaption class=\"wp-element-caption\">Voortplanting van het getij over de aarde, gehinderd door de landmassa&#8217;s en vormen. <\/figcaption><\/figure><\/div>\n\n\n<p><em><em>Samenvatting<\/em> : Astronomisch getij is het getij op een locatie en wordt veroorzaakt door de vorm van de landmassa&#8217;s; smalle doorgangen, uitstekende landpunten en zandbanken. Springtij valt in Nederland daardoor 3 dagen na Volle of Nieuwe Maan.<\/em><\/p>\n\n\n\n<figure class=\"wp-block-table\"><table><tbody><tr><td><strong><mark style=\"background-color:rgba(0, 0, 0, 0)\" class=\"has-inline-color has-luminous-vivid-amber-color\">Vuistregel<\/mark><\/strong><\/td><td><mark style=\"background-color:rgba(0, 0, 0, 0)\" class=\"has-inline-color has-luminous-vivid-amber-color\">Springtij valt in Nederland 3 dagen na Volle of Nieuwe Maan. Hoogwater is extra hoog, laagwater is extra laag.<\/mark><\/td><\/tr><\/tbody><\/table><\/figure>\n\n\n\n<hr class=\"wp-block-separator has-text-color has-vivid-green-cyan-color has-alpha-channel-opacity has-vivid-green-cyan-background-color has-background\"\/>\n\n\n\n<p class=\"has-black-color has-vivid-green-cyan-background-color has-text-color has-background\" id=\"Noordzee\"><strong>Getij in de Noordzee<\/strong><\/p>\n\n\n\n<p><em>Vertraging tijgolf<\/em>: De tijgolf die vanaf het Zuidelijk halfrond komt kan nauwelijks via het Kanaal naar de Noordzee. De tijgolf gaat om de Britse eilanden heen en komt ook via de noordkant de Noordzee in. Hierdoor ontstaat, mede door de grillige vorm van de landmassa, een typisch Astronomisch getijpatroon voor de Noordzee. Er zijn zelfs punten waar de waterhoogte niet verandert; de Amfidromische punten. Het water kan hier wel stromen, maar wordt niet hoger of lager. Door de afstand vanaf het zuidelijk halfrond is het tij in Nederland bijna 3 dagen vertraagd. Voor gewoon hoog- en laagwater maakt dat niet uit, maar springtij is dus pas 3 dagen na Volle Maan en Nieuwe Maan.<\/p>\n\n\n\n<p><em>Voorbeeld<\/em>: In de tabel staat dat het Nieuwe Maan op Terschelling Noordzee op 2 januari 19:34 uur is. Volle Maan was op 18  januari  00:48. In de grafiek wordt in beide gevallen pas bijna 3 dagen later de uiterste waterstanden bereikt.<\/p>\n\n\n<div class=\"wp-block-image\">\n<figure class=\"aligncenter size-full is-resized\"><img decoding=\"async\" loading=\"lazy\" src=\"https:\/\/www.westerlyclub.nl\/WORDPRESS\/wp-content\/uploads\/2022\/01\/Getijgolf-Noordzee-Amfidromieen.jpg\" alt=\"\" class=\"wp-image-9085\" width=\"415\" height=\"479\" srcset=\"https:\/\/www.westerlyclub.nl\/WORDPRESS\/wp-content\/uploads\/2022\/01\/Getijgolf-Noordzee-Amfidromieen.jpg 300w, https:\/\/www.westerlyclub.nl\/WORDPRESS\/wp-content\/uploads\/2022\/01\/Getijgolf-Noordzee-Amfidromieen-260x300.jpg 260w\" sizes=\"(max-width: 415px) 100vw, 415px\" \/><\/figure><\/div>\n\n\n<p>Witte lijnen zijn verbonden punten van gelijk tij. De getijgolf verplaatst zich (rode pijl) omlaag langs de Britse kust en dan van Belgi\u00eb omhoog langs de Nederlandse kust naar de Duitse Bocht. Je hebt langer stroom mee als je die kant opvaart. Je kunt in \u00e9\u00e9n tij een grote afstand afleggen.<\/p>\n\n\n\n<p><em>Voorbeeld<\/em>: Op Texel is het 2 uur eerder hoogwater dan op Ameland. De tijgolf verplaatst zich naar het noordoosten. Zie afbeeldingen van de westelijke Waddenzee.<\/p>\n\n\n\n<p><em><em>Samenvatting<\/em> : In de Noordzee ontstaat een bijzonder tijgolfpatroon door de bijzonder vorm van de landmassa&#8217;s en de kleine doorgangen.<\/em><\/p>\n\n\n\n<figure class=\"wp-block-table\"><table><tbody><tr><td><strong><mark style=\"background-color:rgba(0, 0, 0, 0)\" class=\"has-inline-color has-luminous-vivid-amber-color\">Vuistregel<\/mark><\/strong><\/td><td><mark style=\"background-color:rgba(0, 0, 0, 0)\" class=\"has-inline-color has-luminous-vivid-amber-color\">Als je in noordoostelijk richting langs de Nederlandse kust vaart, heb je langer stroom mee omdat de tijgolf in die richting mee verplaatst.<\/mark><\/td><\/tr><\/tbody><\/table><\/figure>\n\n\n\n<hr class=\"wp-block-separator has-text-color has-vivid-green-cyan-color has-alpha-channel-opacity has-vivid-green-cyan-background-color has-background\"\/>\n\n\n\n<p class=\"has-black-color has-vivid-green-cyan-background-color has-text-color has-background\"><strong>We weten nu hoe het getij ontstaat en over de wereld verplaatst. Wat betekent dat voor Nederland?<\/strong><\/p>\n\n\n\n<p><strong><em><mark style=\"background-color:rgba(0, 0, 0, 0)\" class=\"has-inline-color has-luminous-vivid-amber-color\">Onderstaande link is alleen toegankelijk voor ingelogde leden.<\/mark><\/em><\/strong><\/p>\n\n\n\n<figure class=\"wp-block-table\"><table><tbody><tr><td><a href=\"https:\/\/www.westerlyclub.nl\/WORDPRESS\/getij-in-nederland\/\">\u25ba Leden kunnen verder lezen over het getij in Nederland<\/a><\/td><\/tr><\/tbody><\/table><\/figure>\n\n\n\n<hr class=\"wp-block-separator has-text-color has-vivid-green-cyan-color has-alpha-channel-opacity has-vivid-green-cyan-background-color has-background\"\/>\n\n\n\n<p><strong>Enthousiast geworden over de service van de Westerlyclub?<\/strong><\/p>\n\n\n\n<p class=\"has-white-background-color has-background\"><a href=\"https:\/\/www.westerlyclub.nl\/WORDPRESS\/lidmaatschap\/#lidworden\"><strong>\u25baLid worden<\/strong><\/a><\/p>\n\n\n\n<hr class=\"wp-block-separator has-text-color has-vivid-green-cyan-color has-alpha-channel-opacity has-vivid-green-cyan-background-color has-background\"\/>\n\n\n\n<figure class=\"wp-block-table\"><table><tbody><tr><td><a href=\"https:\/\/www.westerlyclub.nl\/WORDPRESS\/over-wcn\/#leden\">\u25c4 over WCN<\/a><\/td><\/tr><\/tbody><\/table><\/figure>\n","protected":false},"excerpt":{"rendered":"<p>Ontstaan getijdenwater Herken je \u00e9\u00e9n van de volgende vragen? Hoe zit dat met het getij? Wanneer of waar kan ik (niet) varen? Waar moet ik rekening mee houden? Is het in eenvoudige regels te onthouden? Heb je nog nooit op<\/p>\n","protected":false},"author":25,"featured_media":0,"parent":0,"menu_order":0,"comment_status":"closed","ping_status":"closed","template":"","meta":[],"_links":{"self":[{"href":"https:\/\/www.westerlyclub.nl\/WORDPRESS\/wp-json\/wp\/v2\/pages\/9039"}],"collection":[{"href":"https:\/\/www.westerlyclub.nl\/WORDPRESS\/wp-json\/wp\/v2\/pages"}],"about":[{"href":"https:\/\/www.westerlyclub.nl\/WORDPRESS\/wp-json\/wp\/v2\/types\/page"}],"author":[{"embeddable":true,"href":"https:\/\/www.westerlyclub.nl\/WORDPRESS\/wp-json\/wp\/v2\/users\/25"}],"replies":[{"embeddable":true,"href":"https:\/\/www.westerlyclub.nl\/WORDPRESS\/wp-json\/wp\/v2\/comments?post=9039"}],"version-history":[{"count":90,"href":"https:\/\/www.westerlyclub.nl\/WORDPRESS\/wp-json\/wp\/v2\/pages\/9039\/revisions"}],"predecessor-version":[{"id":37643,"href":"https:\/\/www.westerlyclub.nl\/WORDPRESS\/wp-json\/wp\/v2\/pages\/9039\/revisions\/37643"}],"wp:attachment":[{"href":"https:\/\/www.westerlyclub.nl\/WORDPRESS\/wp-json\/wp\/v2\/media?parent=9039"}],"curies":[{"name":"wp","href":"https:\/\/api.w.org\/{rel}","templated":true}]}}